{"id":7499,"date":"2025-07-06T23:40:13","date_gmt":"2025-07-06T21:40:13","guid":{"rendered":"https:\/\/sfpf.fr\/?page_id=7499"},"modified":"2025-06-24T18:01:46","modified_gmt":"2025-06-24T16:01:46","slug":"abonnement","status":"publish","type":"page","link":"https:\/\/www.sfpf.fr\/actu\/abonnement","title":{"rendered":"Abonnement"},"content":{"rendered":"<style><span data-mce-type=\"bookmark\" style=\"display: inline-block; width: 0px; overflow: hidden; line-height: 0;\" class=\"mce_SELRES_start\">\ufeff<\/span><br \/>  .subscription-info p {<br \/>    margin-bottom: 20px;<br \/>  }<\/p>\n<p>  form {<br \/>    display: flex;<br \/>    flex-direction: column;<br \/>  }<\/p>\n<p>  form label {<br \/>    margin-bottom: 5px;<br \/>    font-weight: bold;<br \/>  }<\/p>\n<p>  form input[type=\"text\"],<br \/>  form input[type=\"email\"],<br \/>  form input[type=\"password\"],<br \/>  form input[type=\"number\"] {<br \/>    padding: 10px;<br \/>    margin-bottom: 15px;<br \/>    border: 1px solid var(--border-color, #ccc);<br \/>    border-radius: 4px;<br \/>    font-size: 16px;<br \/>  }<\/p>\n<p>  button {<br \/>    padding: 12px;<br \/>    font-size: 16px;<br \/>    border: none;<br \/>    border-radius: 4px;<br \/>    background-color: var(--secondary-color);<br \/>    color: var(--text-on-secondary, #fff);<br \/>    cursor: pointer;<br \/>    transition: background-color 0.3s ease;<br \/>  }<\/p>\n<p>  button:hover {<br \/>    background-color: var(--secondary-hover, #16a085);<br \/>  }<\/p>\n<p>  .terms {<br \/>    font-size: 14px;<br \/>    color: var(--text-secondary, #7f8c8d);<br \/>    margin-top: 30px;<br \/>    border-top: 1px solid var(--border-color, #ddd);<br \/>    padding-top: 20px;<br \/>  }<\/p>\n<p>  .terms a {<br \/>    color: var(--secondary-color);<br \/>    text-decoration: none;<br \/>  }<\/p>\n<p>  .terms a:hover {<br \/>    text-decoration: underline;<br \/>  }<\/p>\n<p>  .container {<br \/>    max-width: 800px;<br \/>    margin: 0 auto;<br \/>    padding: 20px;<br \/>  }<\/p>\n<p>  .subscription-container {<br \/>    margin-top: 20px;<br \/>  }<\/p>\n<p>  .step {<br \/>    margin-bottom: 20px;<br \/>  }<br \/><\/style>\n<div class=\"container\">\n<p><!-- Informations sur l'abonnement --><\/p>\n<section class=\"subscription-info\">\n<h2>Recevez nos articles en avant-premi\u00e8re<\/h2>\n<p>Abonnez-vous pour recevoir au minimum 3 articles par jour, avoir un acc\u00e8s privil\u00e9gi\u00e9 aux URL priv\u00e9es envoy\u00e9es par mail, et profiter d&rsquo;informations en temps r\u00e9el avec des actualisations r\u00e9guli\u00e8res.<\/p>\n<\/section>\n<div class=\"subscription-container\">\n<p><!-- \u00c9tape 1 : Informations personnelles --><\/p>\n<div class=\"step step1\">\n<form id=\"subscriptionForm\">\n<fieldset>\n<legend>Informations personnelles<\/legend>\n<div class=\"form-group\"><label for=\"nom\">Nom<\/label><br \/>\n<input id=\"nom\" name=\"nom\" required=\"\" type=\"text\" \/><\/div>\n<div class=\"form-group\"><label for=\"prenom\">Pr\u00e9nom<\/label><br \/>\n<input id=\"prenom\" name=\"prenom\" required=\"\" type=\"text\" \/><\/div>\n<div class=\"form-group\"><label for=\"email\">Adresse Email<\/label><br \/>\n<input id=\"email\" name=\"email\" required=\"\" type=\"email\" \/><\/div>\n<\/fieldset>\n<p><button id=\"nextBtn\" type=\"button\">Suivant<\/button><\/p>\n<\/form>\n<\/div>\n<p><!-- \u00c9tape 2 : Message de d\u00e9sactivation --><\/p>\n<div class=\"step step2\" style=\"display: none;\">\n<p>D\u00e9sol\u00e9, nous n&rsquo;acceptons plus de nouveaux abonnements pour le moment.<\/p>\n<\/div>\n<\/div>\n<p><!-- Conditions d'abonnement et de d\u00e9sabonnement --><\/p>\n<section class=\"terms\">\n<h2>Conditions d&rsquo;abonnement et de d\u00e9sabonnement<\/h2>\n<p>En vous abonnant, vous acceptez de recevoir automatiquement chaque mois des articles exclusifs, des notifications par email, et d&rsquo;acc\u00e9der aux contenus priv\u00e9s.<\/p>\n<p>Vous pouvez annuler votre abonnement \u00e0 tout moment via votre espace client ou en envoyant un email \u00e0 contact+premium@www.sfpf.fr<br \/>\n. En cas de d\u00e9sabonnement, vous continuerez \u00e0 b\u00e9n\u00e9ficier des services jusqu&rsquo;\u00e0 la fin de la p\u00e9riode pr\u00e9pay\u00e9e. Aucun remboursement ne sera effectu\u00e9 pour une p\u00e9riode partiellement utilis\u00e9e.<\/p>\n<\/section>\n<\/div>\n<p><script>\n  \/\/ Passage de l'\u00e9tape 1 \u00e0 l'\u00e9tape 2\n  document.getElementById(\"nextBtn\").addEventListener(\"click\", function(){\n    document.querySelector(\".step.step1\").style.display = \"none\";\n    document.querySelector(\".step.step2\").style.display = \"block\";\n  });\n<\/script><\/p>\n","protected":false},"excerpt":{"rendered":"","protected":false},"author":1,"featured_media":0,"parent":0,"menu_order":0,"comment_status":"closed","ping_status":"closed","template":"","meta":{"_acf_changed":false,"subtitle":"","footnotes":""},"class_list":["post-7499","page","type-page","status-publish"],"acf":[],"yoast_head":"<!-- This site is optimized with the Yoast SEO plugin v25.8 - https:\/\/yoast.com\/wordpress\/plugins\/seo\/ -->\n<title>Abonnement | SFPF<\/title>\n<meta name=\"robots\" content=\"index, follow, max-snippet:-1, max-image-preview:large, max-video-preview:-1\" \/>\n<link rel=\"canonical\" href=\"https:\/\/www.sfpf.fr\/actu\/abonnement\" \/>\n<meta property=\"og:locale\" content=\"fr_FR\" \/>\n<meta property=\"og:type\" content=\"article\" \/>\n<meta property=\"og:title\" content=\"Abonnement | SFPF\" \/>\n<meta property=\"og:description\" content=\"&hellip;\" \/>\n<meta property=\"og:url\" content=\"https:\/\/www.sfpf.fr\/actu\/abonnement\" \/>\n<meta property=\"og:site_name\" content=\"SFPF\" \/>\n<meta name=\"twitter:card\" content=\"summary_large_image\" \/>\n<meta name=\"twitter:label1\" content=\"Dur\u00e9e de lecture estim\u00e9e\" \/>\n\t<meta name=\"twitter:data1\" content=\"1 minute\" \/>\n<script type=\"application\/ld+json\" class=\"yoast-schema-graph\">{\"@context\":\"https:\/\/schema.org\",\"@graph\":[{\"@type\":\"WebPage\",\"@id\":\"https:\/\/www.sfpf.fr\/actu\/abonnement\",\"url\":\"https:\/\/www.sfpf.fr\/actu\/abonnement\",\"name\":\"Abonnement | SFPF\",\"isPartOf\":{\"@id\":\"https:\/\/www.sfpf.fr\/actu\/#website\"},\"datePublished\":\"2025-07-06T21:40:13+00:00\",\"breadcrumb\":{\"@id\":\"https:\/\/www.sfpf.fr\/actu\/abonnement#breadcrumb\"},\"inLanguage\":\"fr-FR\",\"potentialAction\":[{\"@type\":\"ReadAction\",\"target\":[\"https:\/\/www.sfpf.fr\/actu\/abonnement\"]}]},{\"@type\":\"BreadcrumbList\",\"@id\":\"https:\/\/www.sfpf.fr\/actu\/abonnement#breadcrumb\",\"itemListElement\":[{\"@type\":\"ListItem\",\"position\":1,\"name\":\"Accueil\",\"item\":\"https:\/\/www.sfpf.fr\/actu\"},{\"@type\":\"ListItem\",\"position\":2,\"name\":\"Abonnement\"}]},{\"@type\":\"WebSite\",\"@id\":\"https:\/\/www.sfpf.fr\/actu\/#website\",\"url\":\"https:\/\/www.sfpf.fr\/actu\/\",\"name\":\"SFPF\",\"description\":\"\",\"publisher\":{\"@id\":\"https:\/\/www.sfpf.fr\/actu\/#organization\"},\"potentialAction\":[{\"@type\":\"SearchAction\",\"target\":{\"@type\":\"EntryPoint\",\"urlTemplate\":\"https:\/\/www.sfpf.fr\/actu\/?s={search_term_string}\"},\"query-input\":{\"@type\":\"PropertyValueSpecification\",\"valueRequired\":true,\"valueName\":\"search_term_string\"}}],\"inLanguage\":\"fr-FR\"},{\"@type\":\"Organization\",\"@id\":\"https:\/\/www.sfpf.fr\/actu\/#organization\",\"name\":\"SFPF\",\"url\":\"https:\/\/www.sfpf.fr\/actu\/\",\"logo\":{\"@type\":\"ImageObject\",\"inLanguage\":\"fr-FR\",\"@id\":\"https:\/\/www.sfpf.fr\/actu\/#\/schema\/logo\/image\/\",\"url\":\"https:\/\/www.sfpf.fr\/actu\/wp-content\/uploads\/2025\/09\/media.png\",\"contentUrl\":\"https:\/\/www.sfpf.fr\/actu\/wp-content\/uploads\/2025\/09\/media.png\",\"width\":178,\"height\":100,\"caption\":\"SFPF\"},\"image\":{\"@id\":\"https:\/\/www.sfpf.fr\/actu\/#\/schema\/logo\/image\/\"}}]}<\/script>\n<!-- \/ Yoast SEO plugin. -->","yoast_head_json":{"title":"Abonnement | SFPF","robots":{"index":"index","follow":"follow","max-snippet":"max-snippet:-1","max-image-preview":"max-image-preview:large","max-video-preview":"max-video-preview:-1"},"canonical":"https:\/\/www.sfpf.fr\/actu\/abonnement","og_locale":"fr_FR","og_type":"article","og_title":"Abonnement | SFPF","og_description":"&hellip;","og_url":"https:\/\/www.sfpf.fr\/actu\/abonnement","og_site_name":"SFPF","twitter_card":"summary_large_image","twitter_misc":{"Dur\u00e9e de lecture estim\u00e9e":"1 minute"},"schema":{"@context":"https:\/\/schema.org","@graph":[{"@type":"WebPage","@id":"https:\/\/www.sfpf.fr\/actu\/abonnement","url":"https:\/\/www.sfpf.fr\/actu\/abonnement","name":"Abonnement | SFPF","isPartOf":{"@id":"https:\/\/www.sfpf.fr\/actu\/#website"},"datePublished":"2025-07-06T21:40:13+00:00","breadcrumb":{"@id":"https:\/\/www.sfpf.fr\/actu\/abonnement#breadcrumb"},"inLanguage":"fr-FR","potentialAction":[{"@type":"ReadAction","target":["https:\/\/www.sfpf.fr\/actu\/abonnement"]}]},{"@type":"BreadcrumbList","@id":"https:\/\/www.sfpf.fr\/actu\/abonnement#breadcrumb","itemListElement":[{"@type":"ListItem","position":1,"name":"Accueil","item":"https:\/\/www.sfpf.fr\/actu"},{"@type":"ListItem","position":2,"name":"Abonnement"}]},{"@type":"WebSite","@id":"https:\/\/www.sfpf.fr\/actu\/#website","url":"https:\/\/www.sfpf.fr\/actu\/","name":"SFPF","description":"","publisher":{"@id":"https:\/\/www.sfpf.fr\/actu\/#organization"},"potentialAction":[{"@type":"SearchAction","target":{"@type":"EntryPoint","urlTemplate":"https:\/\/www.sfpf.fr\/actu\/?s={search_term_string}"},"query-input":{"@type":"PropertyValueSpecification","valueRequired":true,"valueName":"search_term_string"}}],"inLanguage":"fr-FR"},{"@type":"Organization","@id":"https:\/\/www.sfpf.fr\/actu\/#organization","name":"SFPF","url":"https:\/\/www.sfpf.fr\/actu\/","logo":{"@type":"ImageObject","inLanguage":"fr-FR","@id":"https:\/\/www.sfpf.fr\/actu\/#\/schema\/logo\/image\/","url":"https:\/\/www.sfpf.fr\/actu\/wp-content\/uploads\/2025\/09\/media.png","contentUrl":"https:\/\/www.sfpf.fr\/actu\/wp-content\/uploads\/2025\/09\/media.png","width":178,"height":100,"caption":"SFPF"},"image":{"@id":"https:\/\/www.sfpf.fr\/actu\/#\/schema\/logo\/image\/"}}]}},"_links":{"self":[{"href":"https:\/\/www.sfpf.fr\/actu\/wp-json\/wp\/v2\/pages\/7499","targetHints":{"allow":["GET"]}}],"collection":[{"href":"https:\/\/www.sfpf.fr\/actu\/wp-json\/wp\/v2\/pages"}],"about":[{"href":"https:\/\/www.sfpf.fr\/actu\/wp-json\/wp\/v2\/types\/page"}],"author":[{"embeddable":true,"href":"https:\/\/www.sfpf.fr\/actu\/wp-json\/wp\/v2\/users\/1"}],"replies":[{"embeddable":true,"href":"https:\/\/www.sfpf.fr\/actu\/wp-json\/wp\/v2\/comments?post=7499"}],"version-history":[{"count":1,"href":"https:\/\/www.sfpf.fr\/actu\/wp-json\/wp\/v2\/pages\/7499\/revisions"}],"predecessor-version":[{"id":9461,"href":"https:\/\/www.sfpf.fr\/actu\/wp-json\/wp\/v2\/pages\/7499\/revisions\/9461"}],"wp:attachment":[{"href":"https:\/\/www.sfpf.fr\/actu\/wp-json\/wp\/v2\/media?parent=7499"}],"curies":[{"name":"wp","href":"https:\/\/api.w.org\/{rel}","templated":true}]}}