{"id":6,"date":"2025-07-06T23:40:13","date_gmt":"2025-07-06T21:40:13","guid":{"rendered":"https:\/\/demosoledad.pencidesign.net\/soledad-finance-consulting-multipurpose\/?page_id=6"},"modified":"2025-07-07T09:33:16","modified_gmt":"2025-07-07T07:33:16","slug":"accueil","status":"publish","type":"page","link":"https:\/\/www.sfpf.fr\/actu\/accueil","title":{"rendered":"Accueil"},"content":{"rendered":"\n<div class=\"gb-element-5c12865c\">\n<div class=\"gb-element-a01f8be5\">\n<h1 class=\"gb-text gb-text-9a7a4bcf\">SFPF : votre alli\u00e9 bien \u00eatre au quotidien<\/h1>\n\n\n\n<div class=\"gb-element-e1cc8764\">\n<div>\n<div><\/div>\n<\/div>\n\n\n\n<div>\n<div><\/div>\n<\/div>\n<\/div>\n<\/div>\n<\/div>\n\n\n\n<div class=\"gb-element-45663eed\">\n<div class=\"gb-element-b8ce1dba\">\n<h2 class=\"gb-text gb-text-1b12a7ad h1\">Insolite<\/h2>\n\n\n\n<div class=\"gb-element-4ebffb44\">\n<div>\n<div><\/div>\n<\/div>\n<\/div>\n<\/div>\n<\/div>\n\n\n\n<div class=\"gb-element-1f061e32\">\n<div class=\"gb-element-27883e3a\">\n<h2 class=\"gb-text gb-text-5f44c486 h1\">Soci\u00e9t\u00e9<\/h2>\n\n\n\n<div><\/div>\n<\/div>\n<\/div>\n\n\n\n<div class=\"gb-element-1eb95d40\">\n<div class=\"gb-element-e4a6138b\">\n<h2 class=\"gb-text gb-text-f458fd0b h1\">Le reste de l&rsquo;actu<\/h2>\n\n\n\n<div class=\"gb-element-bde4069a\">\n<div>\n<div><\/div>\n<\/div>\n<\/div>\n<\/div>\n<\/div>\n","protected":false},"excerpt":{"rendered":"","protected":false},"author":1,"featured_media":313,"parent":0,"menu_order":0,"comment_status":"closed","ping_status":"closed","template":"","meta":{"_acf_changed":false,"subtitle":"","footnotes":""},"class_list":["post-6","page","type-page","status-publish","has-post-thumbnail"],"acf":[],"yoast_head":"<!-- This site is optimized with the Yoast SEO plugin v25.8 - https:\/\/yoast.com\/wordpress\/plugins\/seo\/ -->\n<title>SFPF |<\/title>\n<meta name=\"description\" content=\"Le meilleur de l&#039;actualit\u00e9 Fran\u00e7aise et internationale par l&#039;\u00e9quipe de r\u00e9daction du magazine en ligne Cat29.fr.\" \/>\n<meta name=\"robots\" content=\"index, follow, max-snippet:-1, max-image-preview:large, max-video-preview:-1\" \/>\n<link rel=\"canonical\" href=\"https:\/\/www.sfpf.fr\/actu\/accueil\" \/>\n<meta property=\"og:locale\" content=\"fr_FR\" \/>\n<meta property=\"og:type\" content=\"article\" \/>\n<meta property=\"og:title\" content=\"SFPF |\" \/>\n<meta property=\"og:description\" content=\"Le meilleur de l&#039;actualit\u00e9 Fran\u00e7aise et internationale par l&#039;\u00e9quipe de r\u00e9daction du magazine en ligne Cat29.fr.\" \/>\n<meta property=\"og:url\" content=\"https:\/\/www.sfpf.fr\/actu\/accueil\" \/>\n<meta property=\"og:site_name\" content=\"SFPF\" \/>\n<meta property=\"article:modified_time\" content=\"2025-07-07T07:33:16+00:00\" \/>\n<meta name=\"twitter:card\" content=\"summary_large_image\" \/>\n<meta name=\"twitter:label1\" content=\"Dur\u00e9e de lecture estim\u00e9e\" \/>\n\t<meta name=\"twitter:data1\" content=\"2 minutes\" \/>\n<script type=\"application\/ld+json\" class=\"yoast-schema-graph\">{\"@context\":\"https:\/\/schema.org\",\"@graph\":[{\"@type\":\"WebPage\",\"@id\":\"https:\/\/www.sfpf.fr\/actu\/accueil\",\"url\":\"https:\/\/www.sfpf.fr\/actu\/accueil\",\"name\":\"SFPF |\",\"isPartOf\":{\"@id\":\"https:\/\/www.sfpf.fr\/actu\/#website\"},\"primaryImageOfPage\":{\"@id\":\"https:\/\/www.sfpf.fr\/actu\/accueil#primaryimage\"},\"image\":{\"@id\":\"https:\/\/www.sfpf.fr\/actu\/accueil#primaryimage\"},\"thumbnailUrl\":\"\",\"datePublished\":\"2025-07-06T21:40:13+00:00\",\"dateModified\":\"2025-07-07T07:33:16+00:00\",\"description\":\"Le meilleur de l'actualit\u00e9 Fran\u00e7aise et internationale par l'\u00e9quipe de r\u00e9daction du magazine en ligne Cat29.fr.\",\"breadcrumb\":{\"@id\":\"https:\/\/www.sfpf.fr\/actu\/accueil#breadcrumb\"},\"inLanguage\":\"fr-FR\",\"potentialAction\":[{\"@type\":\"ReadAction\",\"target\":[\"https:\/\/www.sfpf.fr\/actu\/accueil\"]}]},{\"@type\":\"ImageObject\",\"inLanguage\":\"fr-FR\",\"@id\":\"https:\/\/www.sfpf.fr\/actu\/accueil#primaryimage\",\"url\":\"\",\"contentUrl\":\"\"},{\"@type\":\"BreadcrumbList\",\"@id\":\"https:\/\/www.sfpf.fr\/actu\/accueil#breadcrumb\",\"itemListElement\":[{\"@type\":\"ListItem\",\"position\":1,\"name\":\"Accueil\",\"item\":\"https:\/\/www.sfpf.fr\/actu\"},{\"@type\":\"ListItem\",\"position\":2,\"name\":\"Accueil\"}]},{\"@type\":\"WebSite\",\"@id\":\"https:\/\/www.sfpf.fr\/actu\/#website\",\"url\":\"https:\/\/www.sfpf.fr\/actu\/\",\"name\":\"SFPF\",\"description\":\"\",\"publisher\":{\"@id\":\"https:\/\/www.sfpf.fr\/actu\/#organization\"},\"potentialAction\":[{\"@type\":\"SearchAction\",\"target\":{\"@type\":\"EntryPoint\",\"urlTemplate\":\"https:\/\/www.sfpf.fr\/actu\/?s={search_term_string}\"},\"query-input\":{\"@type\":\"PropertyValueSpecification\",\"valueRequired\":true,\"valueName\":\"search_term_string\"}}],\"inLanguage\":\"fr-FR\"},{\"@type\":\"Organization\",\"@id\":\"https:\/\/www.sfpf.fr\/actu\/#organization\",\"name\":\"SFPF\",\"url\":\"https:\/\/www.sfpf.fr\/actu\/\",\"logo\":{\"@type\":\"ImageObject\",\"inLanguage\":\"fr-FR\",\"@id\":\"https:\/\/www.sfpf.fr\/actu\/#\/schema\/logo\/image\/\",\"url\":\"https:\/\/www.sfpf.fr\/actu\/wp-content\/uploads\/2025\/09\/media.png\",\"contentUrl\":\"https:\/\/www.sfpf.fr\/actu\/wp-content\/uploads\/2025\/09\/media.png\",\"width\":178,\"height\":100,\"caption\":\"SFPF\"},\"image\":{\"@id\":\"https:\/\/www.sfpf.fr\/actu\/#\/schema\/logo\/image\/\"}}]}<\/script>\n<!-- \/ Yoast SEO plugin. -->","yoast_head_json":{"title":"SFPF |","description":"Le meilleur de l'actualit\u00e9 Fran\u00e7aise et internationale par l'\u00e9quipe de r\u00e9daction du magazine en ligne Cat29.fr.","robots":{"index":"index","follow":"follow","max-snippet":"max-snippet:-1","max-image-preview":"max-image-preview:large","max-video-preview":"max-video-preview:-1"},"canonical":"https:\/\/www.sfpf.fr\/actu\/accueil","og_locale":"fr_FR","og_type":"article","og_title":"SFPF |","og_description":"Le meilleur de l'actualit\u00e9 Fran\u00e7aise et internationale par l'\u00e9quipe de r\u00e9daction du magazine en ligne Cat29.fr.","og_url":"https:\/\/www.sfpf.fr\/actu\/accueil","og_site_name":"SFPF","article_modified_time":"2025-07-07T07:33:16+00:00","twitter_card":"summary_large_image","twitter_misc":{"Dur\u00e9e de lecture estim\u00e9e":"2 minutes"},"schema":{"@context":"https:\/\/schema.org","@graph":[{"@type":"WebPage","@id":"https:\/\/www.sfpf.fr\/actu\/accueil","url":"https:\/\/www.sfpf.fr\/actu\/accueil","name":"SFPF |","isPartOf":{"@id":"https:\/\/www.sfpf.fr\/actu\/#website"},"primaryImageOfPage":{"@id":"https:\/\/www.sfpf.fr\/actu\/accueil#primaryimage"},"image":{"@id":"https:\/\/www.sfpf.fr\/actu\/accueil#primaryimage"},"thumbnailUrl":"","datePublished":"2025-07-06T21:40:13+00:00","dateModified":"2025-07-07T07:33:16+00:00","description":"Le meilleur de l'actualit\u00e9 Fran\u00e7aise et internationale par l'\u00e9quipe de r\u00e9daction du magazine en ligne Cat29.fr.","breadcrumb":{"@id":"https:\/\/www.sfpf.fr\/actu\/accueil#breadcrumb"},"inLanguage":"fr-FR","potentialAction":[{"@type":"ReadAction","target":["https:\/\/www.sfpf.fr\/actu\/accueil"]}]},{"@type":"ImageObject","inLanguage":"fr-FR","@id":"https:\/\/www.sfpf.fr\/actu\/accueil#primaryimage","url":"","contentUrl":""},{"@type":"BreadcrumbList","@id":"https:\/\/www.sfpf.fr\/actu\/accueil#breadcrumb","itemListElement":[{"@type":"ListItem","position":1,"name":"Accueil","item":"https:\/\/www.sfpf.fr\/actu"},{"@type":"ListItem","position":2,"name":"Accueil"}]},{"@type":"WebSite","@id":"https:\/\/www.sfpf.fr\/actu\/#website","url":"https:\/\/www.sfpf.fr\/actu\/","name":"SFPF","description":"","publisher":{"@id":"https:\/\/www.sfpf.fr\/actu\/#organization"},"potentialAction":[{"@type":"SearchAction","target":{"@type":"EntryPoint","urlTemplate":"https:\/\/www.sfpf.fr\/actu\/?s={search_term_string}"},"query-input":{"@type":"PropertyValueSpecification","valueRequired":true,"valueName":"search_term_string"}}],"inLanguage":"fr-FR"},{"@type":"Organization","@id":"https:\/\/www.sfpf.fr\/actu\/#organization","name":"SFPF","url":"https:\/\/www.sfpf.fr\/actu\/","logo":{"@type":"ImageObject","inLanguage":"fr-FR","@id":"https:\/\/www.sfpf.fr\/actu\/#\/schema\/logo\/image\/","url":"https:\/\/www.sfpf.fr\/actu\/wp-content\/uploads\/2025\/09\/media.png","contentUrl":"https:\/\/www.sfpf.fr\/actu\/wp-content\/uploads\/2025\/09\/media.png","width":178,"height":100,"caption":"SFPF"},"image":{"@id":"https:\/\/www.sfpf.fr\/actu\/#\/schema\/logo\/image\/"}}]}},"_links":{"self":[{"href":"https:\/\/www.sfpf.fr\/actu\/wp-json\/wp\/v2\/pages\/6","targetHints":{"allow":["GET"]}}],"collection":[{"href":"https:\/\/www.sfpf.fr\/actu\/wp-json\/wp\/v2\/pages"}],"about":[{"href":"https:\/\/www.sfpf.fr\/actu\/wp-json\/wp\/v2\/types\/page"}],"author":[{"embeddable":true,"href":"https:\/\/www.sfpf.fr\/actu\/wp-json\/wp\/v2\/users\/1"}],"replies":[{"embeddable":true,"href":"https:\/\/www.sfpf.fr\/actu\/wp-json\/wp\/v2\/comments?post=6"}],"version-history":[{"count":2,"href":"https:\/\/www.sfpf.fr\/actu\/wp-json\/wp\/v2\/pages\/6\/revisions"}],"predecessor-version":[{"id":9497,"href":"https:\/\/www.sfpf.fr\/actu\/wp-json\/wp\/v2\/pages\/6\/revisions\/9497"}],"wp:featuredmedia":[{"embeddable":true,"href":"https:\/\/www.sfpf.fr\/actu\/wp-json\/"}],"wp:attachment":[{"href":"https:\/\/www.sfpf.fr\/actu\/wp-json\/wp\/v2\/media?parent=6"}],"curies":[{"name":"wp","href":"https:\/\/api.w.org\/{rel}","templated":true}]}}